{"id":112,"date":"2025-09-15T09:56:07","date_gmt":"2025-09-15T06:56:07","guid":{"rendered":"https:\/\/test.veebiplats.ee\/?page_id=112"},"modified":"2025-09-15T09:56:07","modified_gmt":"2025-09-15T06:56:07","slug":"sisukaart","status":"publish","type":"page","link":"https:\/\/test.veebiplats.ee\/en\/sisukaart\/","title":{"rendered":"Sisukaart"},"content":{"rendered":"<ul class=\"wp-block-page-list\"><li class=\"wp-block-pages-list__item\"><a class=\"wp-block-pages-list__item__link\" href=\"https:\/\/test.veebiplats.ee\/en\/1527-2\/\">15:27<\/a><\/li><li class=\"wp-block-pages-list__item\"><a class=\"wp-block-pages-list__item__link\" href=\"https:\/\/test.veebiplats.ee\/en\/1607-2\/\">16:07<\/a><\/li><li class=\"wp-block-pages-list__item\"><a class=\"wp-block-pages-list__item__link\" href=\"https:\/\/test.veebiplats.ee\/en\/aasta-x-2025\/\">Aasta X 2025<\/a><\/li><li class=\"wp-block-pages-list__item menu-item-home\"><a class=\"wp-block-pages-list__item__link\" href=\"https:\/\/test.veebiplats.ee\/en\/\">Avaleht<\/a><\/li><li class=\"wp-block-pages-list__item\"><a class=\"wp-block-pages-list__item__link\" href=\"https:\/\/test.veebiplats.ee\/en\/wp-booking-calendar\/\">Booking Form<\/a><\/li><li class=\"wp-block-pages-list__item\"><a class=\"wp-block-pages-list__item__link\" href=\"https:\/\/test.veebiplats.ee\/en\/kas-see-asi-pls-tootab-nuud\/\">Kas see asi pls t\u00f6\u00f6tab n\u00fc\u00fcd<\/a><\/li><li class=\"wp-block-pages-list__item\"><a class=\"wp-block-pages-list__item__link\" href=\"https:\/\/test.veebiplats.ee\/en\/kiisumiisu\/\">Kiisumiisu<\/a><\/li><li class=\"wp-block-pages-list__item\"><a class=\"wp-block-pages-list__item__link\" href=\"https:\/\/test.veebiplats.ee\/en\/kontakt\/\">Kontakt<\/a><\/li><li class=\"wp-block-pages-list__item\"><a class=\"wp-block-pages-list__item__link\" href=\"https:\/\/test.veebiplats.ee\/en\/kultuurikava\/\">Kultuurikava<\/a><\/li><li class=\"wp-block-pages-list__item\"><a class=\"wp-block-pages-list__item__link\" href=\"https:\/\/test.veebiplats.ee\/en\/leheke\/\">Leheke<\/a><\/li><li class=\"wp-block-pages-list__item\"><a class=\"wp-block-pages-list__item__link\" href=\"https:\/\/test.veebiplats.ee\/en\/leht-1608\/\">Leht 16:08<\/a><\/li><li class=\"wp-block-pages-list__item\"><a class=\"wp-block-pages-list__item__link\" href=\"https:\/\/test.veebiplats.ee\/en\/madis-1418\/\">Madis 14:18<\/a><\/li><li class=\"wp-block-pages-list__item\"><a class=\"wp-block-pages-list__item__link\" href=\"https:\/\/test.veebiplats.ee\/en\/plahvatus\/\">Plahvatus<\/a><\/li><li class=\"wp-block-pages-list__item\"><a class=\"wp-block-pages-list__item__link\" href=\"https:\/\/test.veebiplats.ee\/en\/ruumi-broneerimine\/\">Ruumi broneerimine<\/a><\/li><li class=\"wp-block-pages-list__item has-child\"><a class=\"wp-block-pages-list__item__link\" href=\"https:\/\/test.veebiplats.ee\/en\/sample-page\/\">Sample Page<\/a><ul class=\"wp-block-navigation__submenu-container\"><li class=\"wp-block-pages-list__item\"><a class=\"wp-block-pages-list__item__link\" href=\"https:\/\/test.veebiplats.ee\/en\/sample-page\/oues-sajab-vihma\/\">\u00d5ues sajab vihma<\/a><\/li><\/ul><\/li><li class=\"wp-block-pages-list__item\"><a class=\"wp-block-pages-list__item__link\" href=\"https:\/\/test.veebiplats.ee\/en\/siin-on-query-loop\/\">Siin on query loop<\/a><\/li><li class=\"wp-block-pages-list__item\"><a class=\"wp-block-pages-list__item__link\" href=\"https:\/\/test.veebiplats.ee\/en\/sisukaart\/\">Sisukaart<\/a><\/li><li class=\"wp-block-pages-list__item\"><a class=\"wp-block-pages-list__item__link\" href=\"https:\/\/test.veebiplats.ee\/en\/test-19-12\/\">Test 19.12<\/a><\/li><li class=\"wp-block-pages-list__item\"><a class=\"wp-block-pages-list__item__link\" href=\"https:\/\/test.veebiplats.ee\/en\/testleht\/\">Testleht<\/a><\/li><li class=\"wp-block-pages-list__item\"><a class=\"wp-block-pages-list__item__link\" href=\"https:\/\/test.veebiplats.ee\/en\/uudised-ja-teated\/\">Uudised ja teated<\/a><\/li><li class=\"wp-block-pages-list__item\"><a class=\"wp-block-pages-list__item__link\" href=\"https:\/\/test.veebiplats.ee\/en\/uus-leht\/\">Uus leht<\/a><\/li><li class=\"wp-block-pages-list__item\"><a class=\"wp-block-pages-list__item__link\" href=\"https:\/\/test.veebiplats.ee\/en\/uus-leht-1155\/\">Uus leht 11:55<\/a><\/li><li class=\"wp-block-pages-list__item\"><a class=\"wp-block-pages-list__item__link\" href=\"https:\/\/test.veebiplats.ee\/en\/uus-leht-jee\/\">Uus leht jee<\/a><\/li><\/ul>","protected":false},"excerpt":{"rendered":"","protected":false},"author":1,"featured_media":0,"parent":0,"menu_order":0,"comment_status":"closed","ping_status":"closed","template":"","meta":{"_EventAllDay":false,"_EventTimezone":"","_EventStartDate":"","_EventEndDate":"","_EventStartDateUTC":"","_EventEndDateUTC":"","_EventShowMap":false,"_EventShowMapLink":false,"_EventURL":"","_EventCost":"","_EventCostDescription":"","_EventCurrencySymbol":"","_EventCurrencyCode":"","_EventCurrencyPosition":"","_EventDateTimeSeparator":"","_EventTimeRangeSeparator":"","_EventOrganizerID":[],"_EventVenueID":[],"_OrganizerEmail":"","_OrganizerPhone":"","_OrganizerWebsite":"","_VenueAddress":"","_VenueCity":"","_VenueCountry":"","_VenueProvince":"","_VenueState":"","_VenueZip":"","_VenuePhone":"","_VenueURL":"","_VenueStateProvince":"","_VenueLat":"","_VenueLng":"","_VenueShowMap":false,"_VenueShowMapLink":false,"footnotes":""},"class_list":["post-112","page","type-page","status-publish","hentry"],"_links":{"self":[{"href":"https:\/\/test.veebiplats.ee\/en\/wp-json\/wp\/v2\/pages\/112","targetHints":{"allow":["GET"]}}],"collection":[{"href":"https:\/\/test.veebiplats.ee\/en\/wp-json\/wp\/v2\/pages"}],"about":[{"href":"https:\/\/test.veebiplats.ee\/en\/wp-json\/wp\/v2\/types\/page"}],"author":[{"embeddable":true,"href":"https:\/\/test.veebiplats.ee\/en\/wp-json\/wp\/v2\/users\/1"}],"replies":[{"embeddable":true,"href":"https:\/\/test.veebiplats.ee\/en\/wp-json\/wp\/v2\/comments?post=112"}],"version-history":[{"count":1,"href":"https:\/\/test.veebiplats.ee\/en\/wp-json\/wp\/v2\/pages\/112\/revisions"}],"predecessor-version":[{"id":116,"href":"https:\/\/test.veebiplats.ee\/en\/wp-json\/wp\/v2\/pages\/112\/revisions\/116"}],"wp:attachment":[{"href":"https:\/\/test.veebiplats.ee\/en\/wp-json\/wp\/v2\/media?parent=112"}],"curies":[{"name":"wp","href":"https:\/\/api.w.org\/{rel}","templated":true}]}}