{"id":307,"date":"2025-11-27T14:42:50","date_gmt":"2025-11-27T12:42:50","guid":{"rendered":"https:\/\/test.veebiplats.ee\/?page_id=307"},"modified":"2026-01-21T16:32:54","modified_gmt":"2026-01-21T14:32:54","slug":"kontakt","status":"publish","type":"page","link":"https:\/\/test.veebiplats.ee\/en\/kontakt\/","title":{"rendered":"Kontakt"},"content":{"rendered":"<h3 class=\"wp-block-heading\">Kontakt<\/h3>\n\n\n\n<div class=\"wp-block-columns kontaktimuster has-contrast-color has-text-color has-link-color wp-elements-e8fcbcd14fb1926231800c62d444c13d is-layout-flex wp-container-core-columns-is-layout-0d0e4142 wp-block-columns-is-layout-flex\" style=\"border-radius:5px;padding-top:0.7rem;padding-right:0.7rem;padding-bottom:0.7rem;padding-left:var(--wp--preset--spacing--10);box-shadow:var(--wp--preset--shadow--vaike-vari-2)\">\n<div class=\"wp-block-column is-vertically-aligned-top is-layout-flow wp-container-core-column-is-layout-8a368f38 wp-block-column-is-layout-flow\" style=\"flex-basis:43%\">\n<p class=\"ankur has-medium-font-size\" style=\"font-style:normal;font-weight:600\">Maali-Liisa Maasikap\u00f5\u00f5sas<\/p>\n\n\n\n<p class=\"ankur has-small-font-size\" style=\"font-style:normal;font-weight:500\">vallasekret\u00e4r<\/p>\n\n\n\n<p style=\"margin-top:0.2rem;font-size:0.85rem\"><\/p>\n<\/div>\n\n\n\n<div class=\"wp-block-column is-vertically-aligned-top is-layout-flow wp-container-core-column-is-layout-8a368f38 wp-block-column-is-layout-flow\" style=\"flex-basis:57%\">\n<p class=\"has-small-font-size\">aitaleida.kuusepuu@testvallakool.ee<\/p>\n\n\n\n<p class=\"has-small-font-size\">+372 5556 6677<\/p>\n<\/div>\n<\/div>\n\n\n\n<h3 class=\"wp-block-heading\">Kontakt lisainfoga<\/h3>\n\n\n\n<div class=\"wp-block-columns kontaktimuster has-contrast-color has-text-color has-link-color wp-elements-c20a3dc4dd5e13585e240c6bd9209e8f is-layout-flex wp-container-core-columns-is-layout-40cec44c wp-block-columns-is-layout-flex\" style=\"border-radius:5px;padding-top:0.7rem;padding-right:0.7rem;padding-bottom:0.7rem;padding-left:var(--wp--preset--spacing--10);box-shadow:var(--wp--preset--shadow--vaike-vari-2)\">\n<div class=\"wp-block-column is-vertically-aligned-top is-layout-flow wp-container-core-column-is-layout-8a368f38 wp-block-column-is-layout-flow\" style=\"flex-basis:43%\">\n<p class=\"has-text-align-left ankur has-medium-font-size\" style=\"font-style:normal;font-weight:600\">Maali-Liisa Maasikap\u00f5\u00f5sas<\/p>\n\n\n\n<p class=\"has-text-align-left ankur has-small-font-size\" style=\"font-style:normal;font-weight:500\">vallasekret\u00e4r<\/p>\n\n\n\n<p class=\"has-text-align-left\" style=\"margin-top:0.2rem;font-size:0.85rem\"><\/p>\n<\/div>\n\n\n\n<div class=\"wp-block-column is-vertically-aligned-top is-layout-flow wp-container-core-column-is-layout-8a368f38 wp-block-column-is-layout-flow\" style=\"flex-basis:57%\">\n<p class=\"has-text-align-left has-small-font-size\" style=\"margin-top:0;margin-right:0;margin-bottom:0;margin-left:0\">aitaleida.kuusepuu@testvallakool.ee<\/p>\n\n\n\n<p class=\"has-text-align-left has-small-font-size\" style=\"margin-top:0;margin-right:0;margin-bottom:0;margin-left:0\">+372 5556 6677<\/p>\n\n\n\n<details class=\"wp-block-details is-style-default always-open has-small-font-size is-layout-flow wp-container-core-details-is-layout-8a368f38 wp-block-details-is-layout-flow\"><summary>haridus, vastutusala, ametijuhend<\/summary>\n<div class=\"wp-block-group has-global-padding is-layout-constrained wp-container-core-group-is-layout-626b5360 wp-block-group-is-layout-constrained\" style=\"margin-top:var(--wp--preset--spacing--10)\">\n<p><img decoding=\"async\" class=\"wp-image-2994\" style=\"width: 16px;\" src=\"https:\/\/demo.veebiplats.ee\/wp-content\/uploads\/2025\/01\/check-mark-3-16.png\" alt=\"\"> K\u00f5rgharidus \u00f5igusteaduses<\/p>\n\n\n\n<p><img decoding=\"async\" class=\"wp-image-2994\" style=\"width: 16px;\" src=\"https:\/\/demo.veebiplats.ee\/wp-content\/uploads\/2025\/01\/check-mark-3-16.png\" alt=\"\"> Vallavalitsuse asjaajamise ja dokumendiringluse korraldamine, kodanike esmane n\u00f5ustamine ja juhendamine.<\/p>\n\n\n\n<p>Ametijuhend <img decoding=\"async\" class=\"wp-image-2993\" style=\"width: 12px;\" src=\"https:\/\/demo.veebiplats.ee\/wp-content\/uploads\/2025\/01\/data-transfer-download-16.png\" alt=\"\"><\/p>\n<\/div>\n<\/details>\n<\/div>\n<\/div>\n\n\n\n<h3 class=\"wp-block-heading\">Kontakt pildiga<\/h3>\n\n\n\n<div class=\"wp-block-columns is-not-stacked-on-mobile kontaktimuster has-contrast-color has-text-color has-link-color wp-elements-ddcd8163186ea8130aa92de51dc892cb is-layout-flex wp-container-core-columns-is-layout-aa0fa339 wp-block-columns-is-layout-flex\" style=\"border-radius:5px;padding-top:0.7rem;padding-right:0.7rem;padding-bottom:0.7rem;padding-left:0.7rem;box-shadow:var(--wp--preset--shadow--vaike-vari-2)\">\n<div class=\"wp-block-column is-vertically-aligned-top is-layout-flow wp-block-column-is-layout-flow\" style=\"flex-basis:70px\">\n<figure class=\"wp-block-image size-thumbnail has-custom-border is-style-rounded is-style-rounded--1\"><img decoding=\"async\" src=\"https:\/\/kastre.ee\/wp-content\/uploads\/2024\/10\/blank-profile-picture-973460_640-1-150x150.png\" alt=\"\" class=\"wp-image-569\" style=\"border-radius:100px;aspect-ratio:1;object-fit:cover\"\/><\/figure>\n<\/div>\n\n\n\n<div class=\"wp-block-column is-vertically-aligned-top is-layout-flow wp-block-column-is-layout-flow\">\n<div class=\"wp-block-columns is-layout-flex wp-container-core-columns-is-layout-fd06b31a wp-block-columns-is-layout-flex\" style=\"border-radius:5px;padding-left:0.7rem\">\n<div class=\"wp-block-column is-vertically-aligned-top is-layout-flow wp-container-core-column-is-layout-8a368f38 wp-block-column-is-layout-flow\" style=\"flex-basis:45%\">\n<p class=\"has-text-align-left ankur has-medium-font-size\" style=\"font-style:normal;font-weight:600\">Maali-Liisa Maasikap\u00f5\u00f5sas<\/p>\n\n\n\n<p class=\"has-text-align-left ankur has-small-font-size\" style=\"font-style:normal;font-weight:500\">vallasekret\u00e4r<\/p>\n\n\n\n<p class=\"has-text-align-left\" style=\"margin-top:0.2rem;font-size:0.85rem\"><\/p>\n<\/div>\n\n\n\n<div class=\"wp-block-column is-vertically-aligned-top is-layout-flow wp-container-core-column-is-layout-8a368f38 wp-block-column-is-layout-flow\" style=\"flex-basis:55%\">\n<p class=\"has-text-align-left has-small-font-size\" style=\"margin-top:0;margin-right:0;margin-bottom:0;margin-left:0\">aitaleida.kuusepuu@testvallakool.ee<\/p>\n\n\n\n<p class=\"has-text-align-left has-small-font-size\" style=\"margin-top:0;margin-right:0;margin-bottom:0;margin-left:0\">+372 5556 6677<\/p>\n<\/div>\n<\/div>\n<\/div>\n<\/div>\n\n\n\n<h3 class=\"wp-block-heading\">Kontakt pildi ja lisainfoga<\/h3>\n\n\n\n<div class=\"wp-block-columns is-not-stacked-on-mobile kontaktimuster has-contrast-color has-text-color has-link-color wp-elements-dcd126aeaef58f6a5c8daf9cb86b8839 is-layout-flex wp-container-core-columns-is-layout-aa0fa339 wp-block-columns-is-layout-flex\" style=\"border-radius:5px;padding-top:0.7rem;padding-right:0.7rem;padding-bottom:0.7rem;padding-left:0.7rem;box-shadow:var(--wp--preset--shadow--vaike-vari-2)\">\n<div class=\"wp-block-column is-vertically-aligned-top is-layout-flow wp-block-column-is-layout-flow\" style=\"flex-basis:70px\">\n<figure class=\"wp-block-image size-thumbnail has-custom-border is-style-rounded is-style-rounded--2\"><img decoding=\"async\" src=\"https:\/\/demo.veebiplats.ee\/wp-content\/uploads\/2025\/01\/blank-profile-picture-973460_640-1.png\" alt=\"\" class=\"wp-image-569\" style=\"border-radius:100px;aspect-ratio:1;object-fit:cover\"\/><\/figure>\n<\/div>\n\n\n\n<div class=\"wp-block-column is-vertically-aligned-top is-layout-flow wp-block-column-is-layout-flow\">\n<div class=\"wp-block-columns is-layout-flex wp-container-core-columns-is-layout-fd06b31a wp-block-columns-is-layout-flex\" style=\"border-radius:5px;padding-left:0.7rem\">\n<div class=\"wp-block-column is-vertically-aligned-top is-layout-flow wp-container-core-column-is-layout-8a368f38 wp-block-column-is-layout-flow\" style=\"flex-basis:45%\">\n<p class=\"has-text-align-left ankur has-medium-font-size\" style=\"font-style:normal;font-weight:600\">Maali-Liisa Maasikap\u00f5\u00f5sas<\/p>\n\n\n\n<p class=\"has-text-align-left ankur has-small-font-size\" style=\"font-style:normal;font-weight:500\">vallasekret\u00e4r<\/p>\n\n\n\n<p class=\"has-text-align-left\" style=\"margin-top:0.2rem;font-size:0.85rem\"><\/p>\n<\/div>\n\n\n\n<div class=\"wp-block-column is-vertically-aligned-top is-layout-flow wp-container-core-column-is-layout-8a368f38 wp-block-column-is-layout-flow\" style=\"flex-basis:55%\">\n<p class=\"has-text-align-left has-small-font-size\" style=\"margin-top:0;margin-right:0;margin-bottom:0;margin-left:0\">aitaleida.kuusepuu@testvallakool.ee<\/p>\n\n\n\n<p class=\"has-text-align-left has-small-font-size\" style=\"margin-top:0;margin-right:0;margin-bottom:0;margin-left:0\">+372 5556 6677<\/p>\n\n\n\n<details class=\"wp-block-details is-style-default always-open has-small-font-size is-layout-flow wp-container-core-details-is-layout-8a368f38 wp-block-details-is-layout-flow\"><summary>haridus, ametijuhend<\/summary>\n<div class=\"wp-block-group has-global-padding is-layout-constrained wp-container-core-group-is-layout-626b5360 wp-block-group-is-layout-constrained\" style=\"margin-top:var(--wp--preset--spacing--10)\">\n<p><img decoding=\"async\" class=\"wp-image-2994\" style=\"width: 16px;\" src=\"https:\/\/demo.veebiplats.ee\/wp-content\/uploads\/2025\/01\/check-mark-3-16.png\" alt=\"\"> K\u00f5rgharidus \u00f5igusteaduses<\/p>\n\n\n\n<p>Ametijuhend <img decoding=\"async\" class=\"wp-image-2993\" style=\"width: 12px;\" src=\"https:\/\/demo.veebiplats.ee\/wp-content\/uploads\/2025\/01\/data-transfer-download-16.png\" alt=\"\"><\/p>\n<\/div>\n<\/details>\n<\/div>\n<\/div>\n<\/div>\n<\/div>","protected":false},"excerpt":{"rendered":"<p>Kontakt Maali-Liisa Maasikap\u00f5\u00f5sas vallasekret\u00e4r aitaleida.kuusepuu@testvallakool.ee +372 5556 6677 Kontakt lisainfoga Maali-Liisa Maasikap\u00f5\u00f5sas vallasekret\u00e4r aitaleida.kuusepuu@testvallakool.ee +372 5556 6677 Kontakt pildiga Maali-Liisa Maasikap\u00f5\u00f5sas vallasekret\u00e4r aitaleida.kuusepuu@testvallakool.ee +372 5556 6677 Kontakt pildi ja lisainfoga [&hellip;]<\/p>","protected":false},"author":2,"featured_media":0,"parent":0,"menu_order":0,"comment_status":"closed","ping_status":"closed","template":"","meta":{"_EventAllDay":false,"_EventTimezone":"","_EventStartDate":"","_EventEndDate":"","_EventStartDateUTC":"","_EventEndDateUTC":"","_EventShowMap":false,"_EventShowMapLink":false,"_EventURL":"","_EventCost":"","_EventCostDescription":"","_EventCurrencySymbol":"","_EventCurrencyCode":"","_EventCurrencyPosition":"","_EventDateTimeSeparator":"","_EventTimeRangeSeparator":"","_EventOrganizerID":[],"_EventVenueID":[],"_OrganizerEmail":"","_OrganizerPhone":"","_OrganizerWebsite":"","_VenueAddress":"","_VenueCity":"","_VenueCountry":"","_VenueProvince":"","_VenueState":"","_VenueZip":"","_VenuePhone":"","_VenueURL":"","_VenueStateProvince":"","_VenueLat":"","_VenueLng":"","_VenueShowMap":false,"_VenueShowMapLink":false,"footnotes":""},"class_list":["post-307","page","type-page","status-publish","hentry"],"_links":{"self":[{"href":"https:\/\/test.veebiplats.ee\/en\/wp-json\/wp\/v2\/pages\/307","targetHints":{"allow":["GET"]}}],"collection":[{"href":"https:\/\/test.veebiplats.ee\/en\/wp-json\/wp\/v2\/pages"}],"about":[{"href":"https:\/\/test.veebiplats.ee\/en\/wp-json\/wp\/v2\/types\/page"}],"author":[{"embeddable":true,"href":"https:\/\/test.veebiplats.ee\/en\/wp-json\/wp\/v2\/users\/2"}],"replies":[{"embeddable":true,"href":"https:\/\/test.veebiplats.ee\/en\/wp-json\/wp\/v2\/comments?post=307"}],"version-history":[{"count":74,"href":"https:\/\/test.veebiplats.ee\/en\/wp-json\/wp\/v2\/pages\/307\/revisions"}],"predecessor-version":[{"id":1067,"href":"https:\/\/test.veebiplats.ee\/en\/wp-json\/wp\/v2\/pages\/307\/revisions\/1067"}],"wp:attachment":[{"href":"https:\/\/test.veebiplats.ee\/en\/wp-json\/wp\/v2\/media?parent=307"}],"curies":[{"name":"wp","href":"https:\/\/api.w.org\/{rel}","templated":true}]}}