{"id":585,"date":"2025-12-02T14:55:38","date_gmt":"2025-12-02T12:55:38","guid":{"rendered":"https:\/\/test.veebiplats.ee\/?page_id=585"},"modified":"2025-12-02T15:13:55","modified_gmt":"2025-12-02T13:13:55","slug":"kas-see-asi-pls-tootab-nuud","status":"publish","type":"page","link":"https:\/\/test.veebiplats.ee\/en\/kas-see-asi-pls-tootab-nuud\/","title":{"rendered":"Kas see asi pls t\u00f6\u00f6tab n\u00fc\u00fcd"},"content":{"rendered":"<div class=\"wp-block-columns is-layout-flex wp-container-core-columns-is-layout-658170e2 wp-block-columns-is-layout-flex\">\n<div class=\"wp-block-column is-layout-flow wp-block-column-is-layout-flow\" style=\"flex-basis:50%\">\n<figure class=\"wp-block-image size-large\"><img loading=\"lazy\" decoding=\"async\" width=\"1024\" height=\"683\" src=\"https:\/\/test.veebiplats.ee\/wp-content\/uploads\/2025\/11\/buildings-5644899_1920-1024x683.jpg\" alt=\"Buildings 5644899\" class=\"wp-image-275\" srcset=\"https:\/\/test.veebiplats.ee\/wp-content\/uploads\/2025\/11\/buildings-5644899_1920-1024x683.jpg 1024w, https:\/\/test.veebiplats.ee\/wp-content\/uploads\/2025\/11\/buildings-5644899_1920-300x200.jpg 300w, https:\/\/test.veebiplats.ee\/wp-content\/uploads\/2025\/11\/buildings-5644899_1920-768x512.jpg 768w, https:\/\/test.veebiplats.ee\/wp-content\/uploads\/2025\/11\/buildings-5644899_1920.jpg 1200w\" sizes=\"auto, (max-width: 1024px) 100vw, 1024px\" \/><\/figure>\n<\/div>\n\n\n\n<div class=\"wp-block-column is-layout-flow wp-block-column-is-layout-flow\" style=\"flex-basis:50%\">\n<div class=\"wp-block-group has-global-padding is-layout-constrained wp-block-group-is-layout-constrained\" style=\"border-radius:10px;box-shadow:var(--wp--preset--shadow--vaike-vari-1)\">\n<blockquote class=\"wp-block-quote is-layout-flow wp-block-quote-is-layout-flow\">\n<p>Lorem ipsum dolor sit amet, consectetur adipiscing elit. Sed quis felis justo. Vestibulum facilisis dictum ipsum, eu consequat elit gravida at.<\/p>\n<\/blockquote>\n<\/div>\n<\/div>\n<\/div>\n\n\n\n<p>Lorem ipsum dolor sit amet, consectetur adipiscing elit. Sed quis felis justo. Vestibulum facilisis dictum ipsum, eu consequat elit gravida at.<\/p>\n\n\n\n<p>Lorem ipsum dolor sit amet, consectetur adipiscing elit. Sed quis felis justo. Vestibulum facilisis dictum ipsum, eu consequat elit gravida at.<\/p>","protected":false},"excerpt":{"rendered":"<p>Lorem ipsum dolor sit amet, consectetur adipiscing elit. Sed quis felis justo. Vestibulum facilisis dictum ipsum, eu consequat elit gravida at. Lorem ipsum dolor sit amet, consectetur adipiscing elit. Sed [&hellip;]<\/p>","protected":false},"author":1,"featured_media":0,"parent":0,"menu_order":0,"comment_status":"closed","ping_status":"closed","template":"","meta":{"_EventAllDay":false,"_EventTimezone":"","_EventStartDate":"","_EventEndDate":"","_EventStartDateUTC":"","_EventEndDateUTC":"","_EventShowMap":false,"_EventShowMapLink":false,"_EventURL":"","_EventCost":"","_EventCostDescription":"","_EventCurrencySymbol":"","_EventCurrencyCode":"","_EventCurrencyPosition":"","_EventDateTimeSeparator":"","_EventTimeRangeSeparator":"","_EventOrganizerID":[],"_EventVenueID":[],"_OrganizerEmail":"","_OrganizerPhone":"","_OrganizerWebsite":"","_VenueAddress":"","_VenueCity":"","_VenueCountry":"","_VenueProvince":"","_VenueState":"","_VenueZip":"","_VenuePhone":"","_VenueURL":"","_VenueStateProvince":"","_VenueLat":"","_VenueLng":"","_VenueShowMap":false,"_VenueShowMapLink":false,"footnotes":""},"class_list":["post-585","page","type-page","status-publish","hentry"],"_links":{"self":[{"href":"https:\/\/test.veebiplats.ee\/en\/wp-json\/wp\/v2\/pages\/585","targetHints":{"allow":["GET"]}}],"collection":[{"href":"https:\/\/test.veebiplats.ee\/en\/wp-json\/wp\/v2\/pages"}],"about":[{"href":"https:\/\/test.veebiplats.ee\/en\/wp-json\/wp\/v2\/types\/page"}],"author":[{"embeddable":true,"href":"https:\/\/test.veebiplats.ee\/en\/wp-json\/wp\/v2\/users\/1"}],"replies":[{"embeddable":true,"href":"https:\/\/test.veebiplats.ee\/en\/wp-json\/wp\/v2\/comments?post=585"}],"version-history":[{"count":3,"href":"https:\/\/test.veebiplats.ee\/en\/wp-json\/wp\/v2\/pages\/585\/revisions"}],"predecessor-version":[{"id":596,"href":"https:\/\/test.veebiplats.ee\/en\/wp-json\/wp\/v2\/pages\/585\/revisions\/596"}],"wp:attachment":[{"href":"https:\/\/test.veebiplats.ee\/en\/wp-json\/wp\/v2\/media?parent=585"}],"curies":[{"name":"wp","href":"https:\/\/api.w.org\/{rel}","templated":true}]}}